{"id":425,"date":"2018-08-06T12:38:05","date_gmt":"2018-08-06T10:38:05","guid":{"rendered":"https:\/\/www.vimovexbau.hu\/?page_id=425"},"modified":"2024-07-03T15:16:26","modified_gmt":"2024-07-03T13:16:26","slug":"kapcsolat","status":"publish","type":"page","link":"https:\/\/www.vimovexbau.hu\/de\/kapcsolat\/","title":{"rendered":"KONTAKT"},"content":{"rendered":"<p>[et_pb_section fb_built=&#8221;1&#8243; _builder_version=&#8221;4.16&#8243; background_color=&#8221;rgba(0,0,0,0)&#8221; global_colors_info=&#8221;{}&#8221;][et_pb_row _builder_version=&#8221;4.16&#8243; global_colors_info=&#8221;{}&#8221;][et_pb_column type=&#8221;4_4&#8243; _builder_version=&#8221;4.16&#8243; custom_padding=&#8221;|||&#8221; global_colors_info=&#8221;{}&#8221; custom_padding__hover=&#8221;|||&#8221;][et_pb_text _builder_version=&#8221;4.16&#8243; text_orientation=&#8221;center&#8221; global_colors_info=&#8221;{}&#8221;]<\/p>\n<h1>KONTAKT<\/h1>\n<p>[\/et_pb_text][et_pb_divider color=&#8221;#ffffff&#8221; _builder_version=&#8221;4.16&#8243; height=&#8221;1px&#8221; global_colors_info=&#8221;{}&#8221;][\/et_pb_divider][\/et_pb_column][\/et_pb_row][et_pb_row _builder_version=&#8221;4.16&#8243; module_alignment=&#8221;center&#8221; global_colors_info=&#8221;{}&#8221; column_structure=&#8221;1_3,1_3,1_3&#8243;][et_pb_column type=&#8221;1_3&#8243; _builder_version=&#8221;4.16&#8243; custom_padding=&#8221;|||&#8221; global_colors_info=&#8221;{}&#8221; custom_padding__hover=&#8221;|||&#8221;][et_pb_blurb title=&#8221;C\u00c9GN\u00c9V&#8221; use_icon=&#8221;on&#8221; font_icon=&#8221;&#xe0f4;||divi||400&#8243; icon_color=&#8221;#ffffff&#8221; image_icon_background_color=&#8221;#6b982a&#8221; icon_placement=&#8221;left&#8221; image_icon_width=&#8221;16px&#8221; _builder_version=&#8221;4.16&#8243; header_level=&#8221;h2&#8243; image_icon_custom_padding=&#8221;8px|8px|8px|8px|false|false&#8221; border_radii_image=&#8221;on|100%|100%|100%|100%&#8221; border_width_all_image=&#8221;2px&#8221; border_color_all_image=&#8221;#ffffff&#8221; use_circle=&#8221;on&#8221; use_circle_border=&#8221;on&#8221; circle_border_color=&#8221;#ffffff&#8221; global_colors_info=&#8221;{}&#8221; image_icon_background_color__sticky_enabled=&#8221;#6b982a&#8221; image_icon_background_color__sticky=&#8221;#6b982a&#8221;]Vimovex-Bau Kft.<br \/>\n[\/et_pb_blurb][et_pb_blurb title=&#8221;\u00dcGYVEZET\u0150&#8221; use_icon=&#8221;on&#8221; font_icon=&#8221;&#xe08a;||divi||400&#8243; icon_color=&#8221;#ffffff&#8221; image_icon_background_color=&#8221;#6b982a&#8221; icon_placement=&#8221;left&#8221; image_icon_width=&#8221;16px&#8221; _builder_version=&#8221;4.16&#8243; header_level=&#8221;h2&#8243; image_icon_custom_padding=&#8221;8px|8px|8px|8px|false|false&#8221; border_radii_image=&#8221;on|100%|100%|100%|100%&#8221; border_width_all_image=&#8221;2px&#8221; border_color_all_image=&#8221;#ffffff&#8221; use_circle=&#8221;on&#8221; use_circle_border=&#8221;on&#8221; circle_border_color=&#8221;#ffffff&#8221; global_colors_info=&#8221;{}&#8221; image_icon_background_color__sticky_enabled=&#8221;#6b982a&#8221; image_icon_background_color__sticky=&#8221;#6b982a&#8221;]<strong>Moln\u00e1r J\u00f3zsef<\/strong><br \/>\n+36 (20) 340-5196<br \/>\n[\/et_pb_blurb][et_pb_blurb title=&#8221;C\u00c9GVEZET\u0150&#8221; use_icon=&#8221;on&#8221; font_icon=&#8221;&#xe08a;||divi||400&#8243; icon_color=&#8221;#ffffff&#8221; image_icon_background_color=&#8221;#6b982a&#8221; icon_placement=&#8221;left&#8221; image_icon_width=&#8221;16px&#8221; _builder_version=&#8221;4.16&#8243; header_level=&#8221;h2&#8243; image_icon_custom_padding=&#8221;8px|8px|8px|8px|false|false&#8221; border_radii_image=&#8221;on|100%|100%|100%|100%&#8221; border_width_all_image=&#8221;2px&#8221; border_color_all_image=&#8221;#ffffff&#8221; use_circle=&#8221;on&#8221; use_circle_border=&#8221;on&#8221; circle_border_color=&#8221;#ffffff&#8221; global_colors_info=&#8221;{}&#8221; image_icon_background_color__sticky_enabled=&#8221;#6b982a&#8221; image_icon_background_color__sticky=&#8221;#6b982a&#8221;]<strong>Moln\u00e1r Viktor<\/strong><br \/>\n+36 (20) 469-1940<br \/>\n[\/et_pb_blurb][\/et_pb_column][et_pb_column type=&#8221;1_3&#8243; _builder_version=&#8221;4.16&#8243; custom_padding=&#8221;|||&#8221; global_colors_info=&#8221;{}&#8221; custom_padding__hover=&#8221;|||&#8221;][et_pb_blurb title=&#8221;SZ\u00c9KHELY&#8221; use_icon=&#8221;on&#8221; font_icon=&#8221;&#xe081;||divi||400&#8243; icon_color=&#8221;#ffffff&#8221; image_icon_background_color=&#8221;#6b982a&#8221; icon_placement=&#8221;left&#8221; image_icon_width=&#8221;16px&#8221; _builder_version=&#8221;4.16&#8243; header_level=&#8221;h2&#8243; image_icon_custom_padding=&#8221;8px|8px|8px|8px|false|false&#8221; border_radii_image=&#8221;on|100%|100%|100%|100%&#8221; border_width_all_image=&#8221;2px&#8221; border_color_all_image=&#8221;#ffffff&#8221; use_circle=&#8221;on&#8221; use_circle_border=&#8221;on&#8221; circle_border_color=&#8221;#ffffff&#8221; global_colors_info=&#8221;{}&#8221; image_icon_background_color__sticky_enabled=&#8221;#6b982a&#8221; image_icon_background_color__sticky=&#8221;#6b982a&#8221;]4130 Derecske, Pet\u0151fi u. 12.<br \/>\n[\/et_pb_blurb][et_pb_blurb title=&#8221;E-MAIL C\u00cdM&#8221; use_icon=&#8221;on&#8221; font_icon=&#8221;&#xe076;||divi||400&#8243; icon_color=&#8221;#ffffff&#8221; image_icon_background_color=&#8221;#6b982a&#8221; icon_placement=&#8221;left&#8221; image_icon_width=&#8221;16px&#8221; _builder_version=&#8221;4.16&#8243; header_level=&#8221;h2&#8243; image_icon_custom_padding=&#8221;8px|8px|8px|8px|false|false&#8221; border_radii_image=&#8221;on|100%|100%|100%|100%&#8221; border_width_all_image=&#8221;2px&#8221; border_color_all_image=&#8221;#ffffff&#8221; use_circle=&#8221;on&#8221; use_circle_border=&#8221;on&#8221; circle_border_color=&#8221;#ffffff&#8221; global_colors_info=&#8221;{}&#8221; image_icon_background_color__sticky_enabled=&#8221;#6b982a&#8221; image_icon_background_color__sticky=&#8221;#6b982a&#8221;]<\/p>\n<p>info@vimovexbau.hu<\/p>\n<p>[\/et_pb_blurb][et_pb_blurb title=&#8221;FACEBOOK-OLDAL&#8221; use_icon=&#8221;on&#8221; font_icon=&#8221;&#xe093;||divi||400&#8243; icon_color=&#8221;#ffffff&#8221; image_icon_background_color=&#8221;#6b982a&#8221; icon_placement=&#8221;left&#8221; image_icon_width=&#8221;16px&#8221; _builder_version=&#8221;4.16&#8243; header_level=&#8221;h2&#8243; image_icon_custom_padding=&#8221;8px|8px|8px|8px|false|false&#8221; border_radii_image=&#8221;on|100%|100%|100%|100%&#8221; border_width_all_image=&#8221;2px&#8221; border_color_all_image=&#8221;#ffffff&#8221; use_circle=&#8221;on&#8221; use_circle_border=&#8221;on&#8221; circle_border_color=&#8221;#ffffff&#8221; global_colors_info=&#8221;{}&#8221; image_icon_background_color__sticky_enabled=&#8221;#6b982a&#8221; image_icon_background_color__sticky=&#8221;#6b982a&#8221;]<a href=\"http:\/\/www.facebook.com\/Vimovexbaukft\/\">\/Vimovexbaukft<\/a><br \/>\n[\/et_pb_blurb][\/et_pb_column][et_pb_column type=&#8221;1_3&#8243; _builder_version=&#8221;4.16&#8243; custom_padding=&#8221;|||&#8221; global_colors_info=&#8221;{}&#8221; custom_padding__hover=&#8221;|||&#8221;][et_pb_blurb title=&#8221;C\u00c9GJEGYZ\u00c9KSZ\u00c1M&#8221; use_icon=&#8221;on&#8221; font_icon=&#8221;&#xe0e6;||divi||400&#8243; icon_color=&#8221;#ffffff&#8221; image_icon_background_color=&#8221;#6b982a&#8221; icon_placement=&#8221;left&#8221; image_icon_width=&#8221;16px&#8221; _builder_version=&#8221;4.16&#8243; header_level=&#8221;h2&#8243; image_icon_custom_padding=&#8221;8px|8px|8px|8px|false|false&#8221; border_radii_image=&#8221;on|100%|100%|100%|100%&#8221; border_width_all_image=&#8221;2px&#8221; border_color_all_image=&#8221;#ffffff&#8221; use_circle=&#8221;on&#8221; use_circle_border=&#8221;on&#8221; circle_border_color=&#8221;#ffffff&#8221; global_colors_info=&#8221;{}&#8221; image_icon_background_color__sticky_enabled=&#8221;#6b982a&#8221; image_icon_background_color__sticky=&#8221;#6b982a&#8221;]09-09-027735<br \/>\n[\/et_pb_blurb][et_pb_blurb title=&#8221;AD\u00d3SZ\u00c1M&#8221; use_icon=&#8221;on&#8221; font_icon=&#8221;&#xe0e6;||divi||400&#8243; icon_color=&#8221;#ffffff&#8221; image_icon_background_color=&#8221;#6b982a&#8221; icon_placement=&#8221;left&#8221; image_icon_width=&#8221;16px&#8221; _builder_version=&#8221;4.16&#8243; header_level=&#8221;h2&#8243; image_icon_custom_padding=&#8221;8px|8px|8px|8px|false|false&#8221; border_radii_image=&#8221;on|100%|100%|100%|100%&#8221; border_width_all_image=&#8221;2px&#8221; border_color_all_image=&#8221;#ffffff&#8221; use_circle=&#8221;on&#8221; use_circle_border=&#8221;on&#8221; circle_border_color=&#8221;#ffffff&#8221; global_colors_info=&#8221;{}&#8221; image_icon_background_color__sticky_enabled=&#8221;#6b982a&#8221; image_icon_background_color__sticky=&#8221;#6b982a&#8221;]25521843-2-09<br \/>\n[\/et_pb_blurb][\/et_pb_column][\/et_pb_row][\/et_pb_section]<\/p>","protected":false},"excerpt":{"rendered":"<p>KAPCSOLAT Vimovex-Bau Kft. Moln\u00e1r J\u00f3zsef +36 (20) 340-5196 Moln\u00e1r Viktor +36 (20) 469-1940 4130 Derecske, Pet\u0151fi u. 12. info@vimovexbau.hu \/Vimovexbaukft 09-09-027735 25521843-2-09<\/p>","protected":false},"author":1,"featured_media":0,"parent":0,"menu_order":0,"comment_status":"closed","ping_status":"closed","template":"","meta":{"_et_pb_use_builder":"on","_et_pb_old_content":"","_et_gb_content_width":"","footnotes":""},"class_list":["post-425","page","type-page","status-publish","hentry"],"yoast_head":"<!-- This site is optimized with the Yoast SEO plugin v26.5 - https:\/\/yoast.com\/wordpress\/plugins\/seo\/ -->\n<title>KAPCSOLAT - Vimovex-Bau Kft.<\/title>\n<meta name=\"description\" content=\"Vimovex-Bau Kft. | Teljesk\u00f6r\u0171 gener\u00e1lkivitelez\u00e9s | +36 (20) 340-5196 | info@vimovexbau.hu | 4130 Derecske, Pet\u0151fi u. 12.\" \/>\n<meta name=\"robots\" content=\"index, follow, max-snippet:-1, max-image-preview:large, max-video-preview:-1\" \/>\n<link rel=\"canonical\" href=\"https:\/\/www.vimovexbau.hu\/de\/kapcsolat\/\" \/>\n<meta property=\"og:locale\" content=\"de_DE\" \/>\n<meta property=\"og:type\" content=\"article\" \/>\n<meta property=\"og:title\" content=\"KAPCSOLAT - Vimovex-Bau Kft.\" \/>\n<meta property=\"og:description\" content=\"Vimovex-Bau Kft. | Teljesk\u00f6r\u0171 gener\u00e1lkivitelez\u00e9s | +36 (20) 340-5196 | info@vimovexbau.hu | 4130 Derecske, Pet\u0151fi u. 12.\" \/>\n<meta property=\"og:url\" content=\"https:\/\/www.vimovexbau.hu\/de\/kapcsolat\/\" \/>\n<meta property=\"og:site_name\" content=\"Vimovex-Bau Kft.\" \/>\n<meta property=\"article:publisher\" content=\"https:\/\/www.facebook.com\/Vimovexbaukft\/\" \/>\n<meta property=\"article:modified_time\" content=\"2024-07-03T13:16:26+00:00\" \/>\n<meta property=\"og:image\" content=\"https:\/\/www.vimovexbau.hu\/wp-content\/uploads\/2018\/09\/VimovexBau-csapat-e1537969750984.jpg\" \/>\n\t<meta property=\"og:image:width\" content=\"520\" \/>\n\t<meta property=\"og:image:height\" content=\"362\" \/>\n\t<meta property=\"og:image:type\" content=\"image\/jpeg\" \/>\n<meta name=\"twitter:card\" content=\"summary_large_image\" \/>\n<meta name=\"twitter:label1\" content=\"Gesch\u00e4tzte Lesezeit\" \/>\n\t<meta name=\"twitter:data1\" content=\"4\u00a0Minuten\" \/>\n<script type=\"application\/ld+json\" class=\"yoast-schema-graph\">{\"@context\":\"https:\/\/schema.org\",\"@graph\":[{\"@type\":\"WebPage\",\"@id\":\"https:\/\/www.vimovexbau.hu\/kapcsolat\/\",\"url\":\"https:\/\/www.vimovexbau.hu\/kapcsolat\/\",\"name\":\"KAPCSOLAT - Vimovex-Bau Kft.\",\"isPartOf\":{\"@id\":\"https:\/\/www.vimovexbau.hu\/de\/#website\"},\"datePublished\":\"2018-08-06T10:38:05+00:00\",\"dateModified\":\"2024-07-03T13:16:26+00:00\",\"description\":\"Vimovex-Bau Kft. | Teljesk\u00f6r\u0171 gener\u00e1lkivitelez\u00e9s | +36 (20) 340-5196 | info@vimovexbau.hu | 4130 Derecske, Pet\u0151fi u. 12.\",\"breadcrumb\":{\"@id\":\"https:\/\/www.vimovexbau.hu\/kapcsolat\/#breadcrumb\"},\"inLanguage\":\"de\",\"potentialAction\":[{\"@type\":\"ReadAction\",\"target\":[\"https:\/\/www.vimovexbau.hu\/kapcsolat\/\"]}]},{\"@type\":\"BreadcrumbList\",\"@id\":\"https:\/\/www.vimovexbau.hu\/kapcsolat\/#breadcrumb\",\"itemListElement\":[{\"@type\":\"ListItem\",\"position\":1,\"name\":\"Home\",\"item\":\"https:\/\/www.vimovexbau.hu\/de\/\"},{\"@type\":\"ListItem\",\"position\":2,\"name\":\"KAPCSOLAT\"}]},{\"@type\":\"WebSite\",\"@id\":\"https:\/\/www.vimovexbau.hu\/de\/#website\",\"url\":\"https:\/\/www.vimovexbau.hu\/de\/\",\"name\":\"Vimovex-Bau Kft.\",\"description\":\"Min\u0151s\u00e9gben \u00e9s megb\u00edzhat\u00f3s\u00e1gban \u00e9len j\u00e1runk!\",\"potentialAction\":[{\"@type\":\"SearchAction\",\"target\":{\"@type\":\"EntryPoint\",\"urlTemplate\":\"https:\/\/www.vimovexbau.hu\/de\/?s={search_term_string}\"},\"query-input\":{\"@type\":\"PropertyValueSpecification\",\"valueRequired\":true,\"valueName\":\"search_term_string\"}}],\"inLanguage\":\"de\"}]}<\/script>\n<!-- \/ Yoast SEO plugin. -->","yoast_head_json":{"title":"KAPCSOLAT - Vimovex-Bau Kft.","description":"Vimovex-Bau Kft. | Teljesk\u00f6r\u0171 gener\u00e1lkivitelez\u00e9s | +36 (20) 340-5196 | info@vimovexbau.hu | 4130 Derecske, Pet\u0151fi u. 12.","robots":{"index":"index","follow":"follow","max-snippet":"max-snippet:-1","max-image-preview":"max-image-preview:large","max-video-preview":"max-video-preview:-1"},"canonical":"https:\/\/www.vimovexbau.hu\/de\/kapcsolat\/","og_locale":"de_DE","og_type":"article","og_title":"KAPCSOLAT - Vimovex-Bau Kft.","og_description":"Vimovex-Bau Kft. | Teljesk\u00f6r\u0171 gener\u00e1lkivitelez\u00e9s | +36 (20) 340-5196 | info@vimovexbau.hu | 4130 Derecske, Pet\u0151fi u. 12.","og_url":"https:\/\/www.vimovexbau.hu\/de\/kapcsolat\/","og_site_name":"Vimovex-Bau Kft.","article_publisher":"https:\/\/www.facebook.com\/Vimovexbaukft\/","article_modified_time":"2024-07-03T13:16:26+00:00","og_image":[{"width":520,"height":362,"url":"https:\/\/www.vimovexbau.hu\/wp-content\/uploads\/2018\/09\/VimovexBau-csapat-e1537969750984.jpg","type":"image\/jpeg"}],"twitter_card":"summary_large_image","twitter_misc":{"Gesch\u00e4tzte Lesezeit":"4\u00a0Minuten"},"schema":{"@context":"https:\/\/schema.org","@graph":[{"@type":"WebPage","@id":"https:\/\/www.vimovexbau.hu\/kapcsolat\/","url":"https:\/\/www.vimovexbau.hu\/kapcsolat\/","name":"KAPCSOLAT - Vimovex-Bau Kft.","isPartOf":{"@id":"https:\/\/www.vimovexbau.hu\/de\/#website"},"datePublished":"2018-08-06T10:38:05+00:00","dateModified":"2024-07-03T13:16:26+00:00","description":"Vimovex-Bau Kft. | Teljesk\u00f6r\u0171 gener\u00e1lkivitelez\u00e9s | +36 (20) 340-5196 | info@vimovexbau.hu | 4130 Derecske, Pet\u0151fi u. 12.","breadcrumb":{"@id":"https:\/\/www.vimovexbau.hu\/kapcsolat\/#breadcrumb"},"inLanguage":"de","potentialAction":[{"@type":"ReadAction","target":["https:\/\/www.vimovexbau.hu\/kapcsolat\/"]}]},{"@type":"BreadcrumbList","@id":"https:\/\/www.vimovexbau.hu\/kapcsolat\/#breadcrumb","itemListElement":[{"@type":"ListItem","position":1,"name":"Home","item":"https:\/\/www.vimovexbau.hu\/de\/"},{"@type":"ListItem","position":2,"name":"KAPCSOLAT"}]},{"@type":"WebSite","@id":"https:\/\/www.vimovexbau.hu\/de\/#website","url":"https:\/\/www.vimovexbau.hu\/de\/","name":"Vimovex-Bau Gmbh","description":"Min\u0151s\u00e9gben \u00e9s megb\u00edzhat\u00f3s\u00e1gban \u00e9len j\u00e1runk!","potentialAction":[{"@type":"SearchAction","target":{"@type":"EntryPoint","urlTemplate":"https:\/\/www.vimovexbau.hu\/de\/?s={search_term_string}"},"query-input":{"@type":"PropertyValueSpecification","valueRequired":true,"valueName":"search_term_string"}}],"inLanguage":"de"}]}},"_links":{"self":[{"href":"https:\/\/www.vimovexbau.hu\/de\/wp-json\/wp\/v2\/pages\/425","targetHints":{"allow":["GET"]}}],"collection":[{"href":"https:\/\/www.vimovexbau.hu\/de\/wp-json\/wp\/v2\/pages"}],"about":[{"href":"https:\/\/www.vimovexbau.hu\/de\/wp-json\/wp\/v2\/types\/page"}],"author":[{"embeddable":true,"href":"https:\/\/www.vimovexbau.hu\/de\/wp-json\/wp\/v2\/users\/1"}],"replies":[{"embeddable":true,"href":"https:\/\/www.vimovexbau.hu\/de\/wp-json\/wp\/v2\/comments?post=425"}],"version-history":[{"count":20,"href":"https:\/\/www.vimovexbau.hu\/de\/wp-json\/wp\/v2\/pages\/425\/revisions"}],"predecessor-version":[{"id":1150,"href":"https:\/\/www.vimovexbau.hu\/de\/wp-json\/wp\/v2\/pages\/425\/revisions\/1150"}],"wp:attachment":[{"href":"https:\/\/www.vimovexbau.hu\/de\/wp-json\/wp\/v2\/media?parent=425"}],"curies":[{"name":"wp","href":"https:\/\/api.w.org\/{rel}","templated":true}]}}